{"id":15,"date":"2016-01-14T15:12:58","date_gmt":"2016-01-14T14:12:58","guid":{"rendered":"http:\/\/solidaires87.org\/sudpttlimousin\/?page_id=15"},"modified":"2016-01-21T11:13:08","modified_gmt":"2016-01-21T10:13:08","slug":"cote-france-telecom","status":"publish","type":"page","link":"https:\/\/solidaires87.org\/sudpttlimousin\/cote-france-telecom\/","title":{"rendered":"Actualit\u00e9s  T\u00e9l\u00e9coms"},"content":{"rendered":"","protected":false},"excerpt":{"rendered":"","protected":false},"author":17,"featured_media":0,"parent":0,"menu_order":0,"comment_status":"closed","ping_status":"closed","template":"","meta":{"footnotes":""},"_links":{"self":[{"href":"https:\/\/solidaires87.org\/sudpttlimousin\/wp-json\/wp\/v2\/pages\/15"}],"collection":[{"href":"https:\/\/solidaires87.org\/sudpttlimousin\/wp-json\/wp\/v2\/pages"}],"about":[{"href":"https:\/\/solidaires87.org\/sudpttlimousin\/wp-json\/wp\/v2\/types\/page"}],"author":[{"embeddable":true,"href":"https:\/\/solidaires87.org\/sudpttlimousin\/wp-json\/wp\/v2\/users\/17"}],"replies":[{"embeddable":true,"href":"https:\/\/solidaires87.org\/sudpttlimousin\/wp-json\/wp\/v2\/comments?post=15"}],"version-history":[{"count":2,"href":"https:\/\/solidaires87.org\/sudpttlimousin\/wp-json\/wp\/v2\/pages\/15\/revisions"}],"predecessor-version":[{"id":37,"href":"https:\/\/solidaires87.org\/sudpttlimousin\/wp-json\/wp\/v2\/pages\/15\/revisions\/37"}],"wp:attachment":[{"href":"https:\/\/solidaires87.org\/sudpttlimousin\/wp-json\/wp\/v2\/media?parent=15"}],"curies":[{"name":"wp","href":"https:\/\/api.w.org\/{rel}","templated":true}]}}